{"id":24,"date":"2021-04-22T12:04:02","date_gmt":"2021-04-22T12:04:02","guid":{"rendered":"https:\/\/www.arealgroup.net\/?page_id=24"},"modified":"2021-05-09T20:43:04","modified_gmt":"2021-05-09T20:43:04","slug":"wo-immobilien-in-%e2%80%a8besten-handen-sind","status":"publish","type":"page","link":"https:\/\/www.arealgroup.net\/en\/","title":{"rendered":"Where real estate is in the best hands"},"content":{"rendered":"<div id=\"wppb-builder-container\" class=\"wppb-builder-container\">                <div  class=\"wppb-row-parent  wppb-row-1619097733535 home-content\"  >\n\t\t\t\t\t\n\t\t\t\t\t\t\t\t\t\t\n\t\t\t\t\t\t\t\t\t\t\n\t\t\t\t\t<div class=\"wppb-container\">\n\t\t\t\t\t\t\t\t\t\t\t\t\t\n                        <div class=\"wppb-row\">\n\t\t\t\t\t\t\t                                    <div  class=\"wppb-column-parent wppb-column-parent-view wppb-col-1619097733534\"  >\n                                        <div class=\"wppb-column\">\n\t\t\t\t\t\n\t\t\t\t\t\t\t\t\t\t\t\n                                            <div class=\"wppb-builder-addons\">\n\t\t\t\t\t\t\t\t\t\t\t\t<div class='wppb-builder-addon wppb-addon-1619098081270 default-content-box'  data-addon-id='1619098081270'><div class='wppb-addon'><div class=\"wppb-text-block-addon\"><div class=\"wppb-text-block-content 0\"><p><span class=\"pre-heading\">Areal Group<\/span><\/p><h2>Real estate is our passion.<br \/>And our business.<\/h2><h4>We are your trusted partner for all areas of real estate business. \nOur objective: the sustainable\nexpansion, optimization and maintenance of our stock.<\/h4><p class=\"translation-block\">For 25 years, we have been increasingly successful in various areas of the real estate industry, and we have also been continually and consistently developing our business activities on the international market.<\/p><p><span data-contrast=\"auto\">As a holder of stock, we cover a broad spectrum \u2013 from new-build projects to land development to office and business logistics. We focus on the acquisition and leasing of attractive old and new builds, which we carefully and expertly renovate and repair in accordance with the latest standards. The focus of all our business activities is the sustainable expansion, optimization and preservation of our stock.\u00a0<\/span><span data-contrast=\"auto\">Our focus is\u00a0<\/span><span data-contrast=\"auto\">includes\u00a0<\/span><span data-contrast=\"auto\">on the acquisition and rental of attractive Alt- un<\/span><span data-contrast=\"auto\">d new buildings,\u00a0<\/span><span data-contrast=\"auto\">that we\u00a0<\/span><span data-contrast=\"auto\">carefully\u00a0<\/span><span data-contrast=\"auto\">and competent according to the latest standards<\/span><span data-contrast=\"auto\">\u00a0renovate and repair.\u00a0<\/span><span data-contrast=\"auto\">The focus of all of our business activities is n<\/span><span data-contrast=\"auto\">sustainable<\/span><span data-contrast=\"auto\">\u00a0<\/span><span data-contrast=\"auto\">Expansion, optimization and preservation of ours<\/span><span data-contrast=\"auto\">s<\/span><span data-contrast=\"auto\">\u00a0Inventory.<\/span><span data-ccp-props=\"{\">\u00a0<\/span><\/p><p class=\"translation-block\">Our established network and many years of experience make us a reliable partner in the professional and straightforward execution of all forms of real estate business.<\/p><\/div><\/div><\/div><\/div>                                            <\/div>\n                                        <\/div>\n                                    <\/div>\n\t\t\t\t\t\t\t\t\t                        <\/div>\n\n                    <\/div>\n                <\/div>\n\t\t\t\t<\/div>","protected":false},"excerpt":{"rendered":"<p>Areal GroupImmobilien sind unsereLeidenschaft. Und unser Business.Wir sind Ihr verl\u00e4sslicher Partner f\u00fcr Immobiliengesch\u00e4fte aller Art. Unser Ziel: Die nachhaltige Erweiterung, Optimierung und Bewahrung unseres Bestands.Seit 25 Jahren\u00a0sind wir mit stetig wachsendem Erfolg in unterschiedlichen Bereichen der Immobilienwirtschaft\u00a0t\u00e4tig und bauen unsere Gesch\u00e4ftst\u00e4tigkeiten dabei auch im internationalen Bereich kontinuierlich und konsequent weiter aus.\u00a0\u00a0Als Bestandshalter decken wir ein [&hellip;]<\/p>\n","protected":false},"author":17,"featured_media":0,"parent":0,"menu_order":0,"comment_status":"closed","ping_status":"closed","template":"home-page.php","meta":{"inline_featured_image":false,"footnotes":""},"class_list":["post-24","page","type-page","status-publish","hentry"],"yoast_head":"<!-- This site is optimized with the Yoast SEO plugin v26.8 - https:\/\/yoast.com\/product\/yoast-seo-wordpress\/ -->\n<title>Wo Immobilien in \u2028besten H\u00e4nden sind - Areal Group<\/title>\n<meta name=\"robots\" content=\"index, follow, max-snippet:-1, max-image-preview:large, max-video-preview:-1\" \/>\n<link rel=\"canonical\" href=\"https:\/\/www.arealgroup.net\/en\/\" \/>\n<meta property=\"og:locale\" content=\"en_GB\" \/>\n<meta property=\"og:type\" content=\"article\" \/>\n<meta property=\"og:title\" content=\"Wo Immobilien in \u2028besten H\u00e4nden sind - Areal Group\" \/>\n<meta property=\"og:description\" content=\"Areal GroupImmobilien sind unsereLeidenschaft. Und unser Business.Wir sind Ihr verl\u00e4sslicher Partner f\u00fcr Immobiliengesch\u00e4fte aller Art. Unser Ziel: Die nachhaltige Erweiterung, Optimierung und Bewahrung unseres Bestands.Seit 25 Jahren\u00a0sind wir mit stetig wachsendem Erfolg in unterschiedlichen Bereichen der Immobilienwirtschaft\u00a0t\u00e4tig und bauen unsere Gesch\u00e4ftst\u00e4tigkeiten dabei auch im internationalen Bereich kontinuierlich und konsequent weiter aus.\u00a0\u00a0Als Bestandshalter decken wir ein [&hellip;]\" \/>\n<meta property=\"og:url\" content=\"https:\/\/www.arealgroup.net\/en\/\" \/>\n<meta property=\"og:site_name\" content=\"Areal Group\" \/>\n<meta property=\"article:modified_time\" content=\"2021-05-09T20:43:04+00:00\" \/>\n<meta name=\"twitter:card\" content=\"summary_large_image\" \/>\n<script type=\"application\/ld+json\" class=\"yoast-schema-graph\">{\"@context\":\"https:\/\/schema.org\",\"@graph\":[{\"@type\":\"WebPage\",\"@id\":\"https:\/\/www.arealgroup.net\/\",\"url\":\"https:\/\/www.arealgroup.net\/\",\"name\":\"Wo Immobilien in \\u2028besten H\u00e4nden sind - Areal Group\",\"isPartOf\":{\"@id\":\"https:\/\/www.arealgroup.net\/#website\"},\"datePublished\":\"2021-04-22T12:04:02+00:00\",\"dateModified\":\"2021-05-09T20:43:04+00:00\",\"breadcrumb\":{\"@id\":\"https:\/\/www.arealgroup.net\/#breadcrumb\"},\"inLanguage\":\"en-GB\",\"potentialAction\":[{\"@type\":\"ReadAction\",\"target\":[\"https:\/\/www.arealgroup.net\/\"]}]},{\"@type\":\"BreadcrumbList\",\"@id\":\"https:\/\/www.arealgroup.net\/#breadcrumb\",\"itemListElement\":[{\"@type\":\"ListItem\",\"position\":1,\"name\":\"Startseite\",\"item\":\"https:\/\/www.arealgroup.net\/\"},{\"@type\":\"ListItem\",\"position\":2,\"name\":\"Wo Immobilien in \\u2028besten H\u00e4nden sind\"}]},{\"@type\":\"WebSite\",\"@id\":\"https:\/\/www.arealgroup.net\/#website\",\"url\":\"https:\/\/www.arealgroup.net\/\",\"name\":\"Areal Group\",\"description\":\"\",\"potentialAction\":[{\"@type\":\"SearchAction\",\"target\":{\"@type\":\"EntryPoint\",\"urlTemplate\":\"https:\/\/www.arealgroup.net\/?s={search_term_string}\"},\"query-input\":{\"@type\":\"PropertyValueSpecification\",\"valueRequired\":true,\"valueName\":\"search_term_string\"}}],\"inLanguage\":\"en-GB\"}]}<\/script>\n<!-- \/ Yoast SEO plugin. -->","yoast_head_json":{"title":"Where real estate is in the best hands - Areal Group","robots":{"index":"index","follow":"follow","max-snippet":"max-snippet:-1","max-image-preview":"max-image-preview:large","max-video-preview":"max-video-preview:-1"},"canonical":"https:\/\/www.arealgroup.net\/en\/","og_locale":"en_GB","og_type":"article","og_title":"Wo Immobilien in \u2028besten H\u00e4nden sind - Areal Group","og_description":"Areal GroupImmobilien sind unsereLeidenschaft. Und unser Business.Wir sind Ihr verl\u00e4sslicher Partner f\u00fcr Immobiliengesch\u00e4fte aller Art. Unser Ziel: Die nachhaltige Erweiterung, Optimierung und Bewahrung unseres Bestands.Seit 25 Jahren\u00a0sind wir mit stetig wachsendem Erfolg in unterschiedlichen Bereichen der Immobilienwirtschaft\u00a0t\u00e4tig und bauen unsere Gesch\u00e4ftst\u00e4tigkeiten dabei auch im internationalen Bereich kontinuierlich und konsequent weiter aus.\u00a0\u00a0Als Bestandshalter decken wir ein [&hellip;]","og_url":"https:\/\/www.arealgroup.net\/en\/","og_site_name":"Areal Group","article_modified_time":"2021-05-09T20:43:04+00:00","twitter_card":"summary_large_image","schema":{"@context":"https:\/\/schema.org","@graph":[{"@type":"WebPage","@id":"https:\/\/www.arealgroup.net\/","url":"https:\/\/www.arealgroup.net\/","name":"Where real estate is in the best hands - Areal Group","isPartOf":{"@id":"https:\/\/www.arealgroup.net\/#website"},"datePublished":"2021-04-22T12:04:02+00:00","dateModified":"2021-05-09T20:43:04+00:00","breadcrumb":{"@id":"https:\/\/www.arealgroup.net\/#breadcrumb"},"inLanguage":"en-GB","potentialAction":[{"@type":"ReadAction","target":["https:\/\/www.arealgroup.net\/"]}]},{"@type":"BreadcrumbList","@id":"https:\/\/www.arealgroup.net\/#breadcrumb","itemListElement":[{"@type":"ListItem","position":1,"name":"Startseite","item":"https:\/\/www.arealgroup.net\/"},{"@type":"ListItem","position":2,"name":"Wo Immobilien in \u2028besten H\u00e4nden sind"}]},{"@type":"WebSite","@id":"https:\/\/www.arealgroup.net\/#website","url":"https:\/\/www.arealgroup.net\/","name":"Areal Group","description":"","potentialAction":[{"@type":"SearchAction","target":{"@type":"EntryPoint","urlTemplate":"https:\/\/www.arealgroup.net\/?s={search_term_string}"},"query-input":{"@type":"PropertyValueSpecification","valueRequired":true,"valueName":"search_term_string"}}],"inLanguage":"en-GB"}]}},"_links":{"self":[{"href":"https:\/\/www.arealgroup.net\/en\/wp-json\/wp\/v2\/pages\/24","targetHints":{"allow":["GET"]}}],"collection":[{"href":"https:\/\/www.arealgroup.net\/en\/wp-json\/wp\/v2\/pages"}],"about":[{"href":"https:\/\/www.arealgroup.net\/en\/wp-json\/wp\/v2\/types\/page"}],"author":[{"embeddable":true,"href":"https:\/\/www.arealgroup.net\/en\/wp-json\/wp\/v2\/users\/17"}],"replies":[{"embeddable":true,"href":"https:\/\/www.arealgroup.net\/en\/wp-json\/wp\/v2\/comments?post=24"}],"version-history":[{"count":9,"href":"https:\/\/www.arealgroup.net\/en\/wp-json\/wp\/v2\/pages\/24\/revisions"}],"predecessor-version":[{"id":385,"href":"https:\/\/www.arealgroup.net\/en\/wp-json\/wp\/v2\/pages\/24\/revisions\/385"}],"wp:attachment":[{"href":"https:\/\/www.arealgroup.net\/en\/wp-json\/wp\/v2\/media?parent=24"}],"curies":[{"name":"wp","href":"https:\/\/api.w.org\/{rel}","templated":true}]}}