{"id":27,"date":"2021-04-22T13:05:52","date_gmt":"2021-04-22T13:05:52","guid":{"rendered":"https:\/\/www.arealgroup.net\/?page_id=27"},"modified":"2021-05-03T06:15:46","modified_gmt":"2021-05-03T06:15:46","slug":"kontakt","status":"publish","type":"page","link":"https:\/\/www.arealgroup.net\/en\/contact\/","title":{"rendered":"Contact"},"content":{"rendered":"<div id=\"wppb-builder-container\" class=\"wppb-builder-container\">                <div  class=\"wppb-row-parent  wppb-row-1619626646820\"  >\n\t\t\t\t\t\n\t\t\t\t\t\t\t\t\t\t\n\t\t\t\t\t\t\t\t\t\t\n\t\t\t\t\t<div class=\"wppb-container\">\n\t\t\t\t\t\t\t\t\t\t\t\t\t\n                        <div class=\"wppb-row\">\n\t\t\t\t\t\t\t                                    <div  class=\"wppb-column-parent wppb-column-parent-view wppb-col-1619626646819\"  >\n                                        <div class=\"wppb-column\">\n\t\t\t\t\t\n\t\t\t\t\t\t\t\t\t\t\t\n                                            <div class=\"wppb-builder-addons\">\n\t\t\t\t\t\t\t\t\t\t\t\t<div class='wppb-builder-addon wppb-addon-1619626656791'  data-addon-id='1619626656791'><div class='wppb-addon'><div class=\"wppb-text-block-addon\"><div class=\"wppb-text-block-content 0\"><h1>How else can we help?<\/h1><div>Feel free to contact us at any time by phone or via the email below. We are at your disposal for further information and questions.<\/div><div>\u00a0<\/div><p><strong>Areal Group<\/strong><br \/>Wealth Management GmbH<br \/>Leipziger Platz 8<br \/>10117 Berlin<br \/>Germany<br \/>T +49 30 206 279 100<\/p><p>info@arealgroup.net<\/p><\/div><\/div><\/div><\/div>                                            <\/div>\n                                        <\/div>\n                                    <\/div>\n\t\t\t\t\t\t\t\t\t                        <\/div>\n\n                    <\/div>\n                <\/div>\n\t\t\t\t                <div  class=\"wppb-row-parent  wppb-row-1638545749430\"  >\n\t\t\t\t\t\n\t\t\t\t\t\t\t\t\t\t\n\t\t\t\t\t\t\t\t\t\t\n\t\t\t\t\t<div class=\"wppb-container\">\n\t\t\t\t\t\t\t\t\t\t\t\t\t\n                        <div class=\"wppb-row\">\n\t\t\t\t\t\t\t                                    <div  class=\"wppb-column-parent wppb-column-parent-view wppb-col-1638545749431\"  >\n                                        <div class=\"wppb-column\">\n\t\t\t\t\t\n\t\t\t\t\t\t\t\t\t\t\t\n                                            <div class=\"wppb-builder-addons\">\n\t\t\t\t\t\t\t\t\t\t\t\t<div class='wppb-builder-addon wppb-addon-1638545749432'  data-addon-id='1638545749432'><div class='wppb-addon'><div class=\"wppb-text-block-addon\"><div class=\"wppb-text-block-content 0\"><p>\n<div class=\"wpcf7 no-js\" id=\"wpcf7-f130-o1\" lang=\"de-DE\" dir=\"ltr\" data-wpcf7-id=\"130\">\n<div class=\"screen-reader-response\"><p role=\"status\" aria-live=\"polite\" aria-atomic=\"true\"><\/p> <ul><\/ul><\/div>\n<form action=\"\/en\/wp-json\/wp\/v2\/pages\/27#wpcf7-f130-o1\" method=\"post\" class=\"wpcf7-form init\" aria-label=\"Kontaktformular\" novalidate=\"novalidate\" data-status=\"init\" data-trp-original-action=\"\/en\/wp-json\/wp\/v2\/pages\/27#wpcf7-f130-o1\">\n<fieldset class=\"hidden-fields-container\"><input type=\"hidden\" name=\"_wpcf7\" value=\"130\" \/><input type=\"hidden\" name=\"_wpcf7_version\" value=\"6.1.5\" \/><input type=\"hidden\" name=\"_wpcf7_locale\" value=\"de_DE\" \/><input type=\"hidden\" name=\"_wpcf7_unit_tag\" value=\"wpcf7-f130-o1\" \/><input type=\"hidden\" name=\"_wpcf7_container_post\" value=\"0\" \/><input type=\"hidden\" name=\"_wpcf7_posted_data_hash\" value=\"\" \/>\n<\/fieldset>\n<div class=\"contact-form\">\n\t<p><label><span class=\"wpcf7-form-control-wrap\" data-name=\"first-name\"><input size=\"40\" maxlength=\"400\" class=\"wpcf7-form-control wpcf7-text wpcf7-validates-as-required\" aria-required=\"true\" aria-invalid=\"false\" placeholder=\"First name*\" value=\"\" type=\"text\" name=\"first-name\" \/><\/span> <\/label><br \/>\n<label><span class=\"wpcf7-form-control-wrap\" data-name=\"last-name\"><input size=\"40\" maxlength=\"400\" class=\"wpcf7-form-control wpcf7-text wpcf7-validates-as-required\" aria-required=\"true\" aria-invalid=\"false\" placeholder=\"Last name*\" value=\"\" type=\"text\" name=\"last-name\" \/><\/span> <\/label><br \/>\n<label><span class=\"wpcf7-form-control-wrap\" data-name=\"your-email\"><input size=\"40\" maxlength=\"400\" class=\"wpcf7-form-control wpcf7-email wpcf7-validates-as-required wpcf7-text wpcf7-validates-as-email\" aria-required=\"true\" aria-invalid=\"false\" placeholder=\"Email*\" value=\"\" type=\"email\" name=\"your-email\" \/><\/span> <\/label><br \/>\n<label><span class=\"wpcf7-form-control-wrap\" data-name=\"your-message\"><textarea cols=\"40\" rows=\"10\" maxlength=\"2000\" class=\"wpcf7-form-control wpcf7-textarea\" aria-invalid=\"false\" placeholder=\"Your message*\" name=\"your-message\"><\/textarea><\/span> <\/label>\n\t<\/p>\n\t<p><span class=\"wpcf7-form-control-wrap\" data-name=\"acceptance-234\"><span class=\"wpcf7-form-control wpcf7-acceptance\"><span class=\"wpcf7-list-item\"><input type=\"checkbox\" name=\"acceptance-234\" value=\"1\" id=\"contact-dsgvo\" aria-invalid=\"false\" \/><\/span><\/span><\/span>* Ich stimme der Verarbeitung meiner Daten sowie der Kontaktaufnahme im Rahmen der Abwicklung meiner Anfrage durch die Areal Group zu.<br \/>\nDie Hinweise zum Datenschutz habe ich gelesen und bin damit einverstanden.<br \/>\n<a href=\"https:\/\/www.arealgroup.net\/en\/data-protection\/\">Data protection declaration<\/a>\n\t<\/p>\n\t<p><input class=\"wpcf7-form-control wpcf7-submit has-spinner\" type=\"submit\" value=\"Send query\" \/>\n\t<\/p>\n<\/div><div class=\"wpcf7-response-output\" aria-hidden=\"true\"><\/div>\n<input type=\"hidden\" name=\"trp-form-language\" value=\"en\"\/><\/form>\n<\/div>\n<\/p><\/div><\/div><\/div><\/div>                                            <\/div>\n                                        <\/div>\n                                    <\/div>\n\t\t\t\t\t\t\t\t\t                        <\/div>\n\n                    <\/div>\n                <\/div>\n\t\t\t\t<\/div>","protected":false},"excerpt":{"rendered":"<p>Wie k\u00f6nnen wir Ihnen weiterhelfen?Kontaktieren Sie uns jederzeit gern telefonisch oder \u00fcber die unten stehende E-Mail. Wir stehen Ihnen f\u00fcr n\u00e4here Ausk\u00fcnfte und R\u00fcckfragen zur Verf\u00fcgung.\u00a0Areal GroupWealth Management GmbHLeipziger Platz 810117 BerlinDeutschlandT +49 30 206 279 100info@arealgroup.net * Ich stimme der Verarbeitung meiner Daten sowie der Kontaktaufnahme im Rahmen der Abwicklung meiner Anfrage durch die [&hellip;]<\/p>\n","protected":false},"author":17,"featured_media":0,"parent":0,"menu_order":0,"comment_status":"closed","ping_status":"closed","template":"legal-pages.php","meta":{"inline_featured_image":false,"footnotes":""},"class_list":["post-27","page","type-page","status-publish","hentry"],"yoast_head":"<!-- This site is optimized with the Yoast SEO plugin v26.8 - https:\/\/yoast.com\/product\/yoast-seo-wordpress\/ -->\n<title>Kontakt - Areal Group<\/title>\n<meta name=\"robots\" content=\"index, follow, max-snippet:-1, max-image-preview:large, max-video-preview:-1\" \/>\n<link rel=\"canonical\" href=\"https:\/\/www.arealgroup.net\/en\/contact\/\" \/>\n<meta property=\"og:locale\" content=\"en_GB\" \/>\n<meta property=\"og:type\" content=\"article\" \/>\n<meta property=\"og:title\" content=\"Kontakt - Areal Group\" \/>\n<meta property=\"og:description\" content=\"Wie k\u00f6nnen wir Ihnen weiterhelfen?Kontaktieren Sie uns jederzeit gern telefonisch oder \u00fcber die unten stehende E-Mail. Wir stehen Ihnen f\u00fcr n\u00e4here Ausk\u00fcnfte und R\u00fcckfragen zur Verf\u00fcgung.\u00a0Areal GroupWealth Management GmbHLeipziger Platz 810117 BerlinDeutschlandT +49 30 206 279 100info@arealgroup.net * Ich stimme der Verarbeitung meiner Daten sowie der Kontaktaufnahme im Rahmen der Abwicklung meiner Anfrage durch die [&hellip;]\" \/>\n<meta property=\"og:url\" content=\"https:\/\/www.arealgroup.net\/en\/contact\/\" \/>\n<meta property=\"og:site_name\" content=\"Areal Group\" \/>\n<meta property=\"article:modified_time\" content=\"2021-05-03T06:15:46+00:00\" \/>\n<meta name=\"twitter:card\" content=\"summary_large_image\" \/>\n<script type=\"application\/ld+json\" class=\"yoast-schema-graph\">{\"@context\":\"https:\/\/schema.org\",\"@graph\":[{\"@type\":\"WebPage\",\"@id\":\"https:\/\/www.arealgroup.net\/kontakt\/\",\"url\":\"https:\/\/www.arealgroup.net\/kontakt\/\",\"name\":\"Kontakt - Areal Group\",\"isPartOf\":{\"@id\":\"https:\/\/www.arealgroup.net\/#website\"},\"datePublished\":\"2021-04-22T13:05:52+00:00\",\"dateModified\":\"2021-05-03T06:15:46+00:00\",\"breadcrumb\":{\"@id\":\"https:\/\/www.arealgroup.net\/kontakt\/#breadcrumb\"},\"inLanguage\":\"en-GB\",\"potentialAction\":[{\"@type\":\"ReadAction\",\"target\":[\"https:\/\/www.arealgroup.net\/kontakt\/\"]}]},{\"@type\":\"BreadcrumbList\",\"@id\":\"https:\/\/www.arealgroup.net\/kontakt\/#breadcrumb\",\"itemListElement\":[{\"@type\":\"ListItem\",\"position\":1,\"name\":\"Startseite\",\"item\":\"https:\/\/www.arealgroup.net\/\"},{\"@type\":\"ListItem\",\"position\":2,\"name\":\"Kontakt\"}]},{\"@type\":\"WebSite\",\"@id\":\"https:\/\/www.arealgroup.net\/#website\",\"url\":\"https:\/\/www.arealgroup.net\/\",\"name\":\"Areal Group\",\"description\":\"\",\"potentialAction\":[{\"@type\":\"SearchAction\",\"target\":{\"@type\":\"EntryPoint\",\"urlTemplate\":\"https:\/\/www.arealgroup.net\/?s={search_term_string}\"},\"query-input\":{\"@type\":\"PropertyValueSpecification\",\"valueRequired\":true,\"valueName\":\"search_term_string\"}}],\"inLanguage\":\"en-GB\"}]}<\/script>\n<!-- \/ Yoast SEO plugin. -->","yoast_head_json":{"title":"Contact - Areal Group","robots":{"index":"index","follow":"follow","max-snippet":"max-snippet:-1","max-image-preview":"max-image-preview:large","max-video-preview":"max-video-preview:-1"},"canonical":"https:\/\/www.arealgroup.net\/en\/contact\/","og_locale":"en_GB","og_type":"article","og_title":"Kontakt - Areal Group","og_description":"Wie k\u00f6nnen wir Ihnen weiterhelfen?Kontaktieren Sie uns jederzeit gern telefonisch oder \u00fcber die unten stehende E-Mail. Wir stehen Ihnen f\u00fcr n\u00e4here Ausk\u00fcnfte und R\u00fcckfragen zur Verf\u00fcgung.\u00a0Areal GroupWealth Management GmbHLeipziger Platz 810117 BerlinDeutschlandT +49 30 206 279 100info@arealgroup.net * Ich stimme der Verarbeitung meiner Daten sowie der Kontaktaufnahme im Rahmen der Abwicklung meiner Anfrage durch die [&hellip;]","og_url":"https:\/\/www.arealgroup.net\/en\/contact\/","og_site_name":"Areal Group","article_modified_time":"2021-05-03T06:15:46+00:00","twitter_card":"summary_large_image","schema":{"@context":"https:\/\/schema.org","@graph":[{"@type":"WebPage","@id":"https:\/\/www.arealgroup.net\/kontakt\/","url":"https:\/\/www.arealgroup.net\/kontakt\/","name":"Contact - Areal Group","isPartOf":{"@id":"https:\/\/www.arealgroup.net\/#website"},"datePublished":"2021-04-22T13:05:52+00:00","dateModified":"2021-05-03T06:15:46+00:00","breadcrumb":{"@id":"https:\/\/www.arealgroup.net\/kontakt\/#breadcrumb"},"inLanguage":"en-GB","potentialAction":[{"@type":"ReadAction","target":["https:\/\/www.arealgroup.net\/kontakt\/"]}]},{"@type":"BreadcrumbList","@id":"https:\/\/www.arealgroup.net\/kontakt\/#breadcrumb","itemListElement":[{"@type":"ListItem","position":1,"name":"Startseite","item":"https:\/\/www.arealgroup.net\/"},{"@type":"ListItem","position":2,"name":"Kontakt"}]},{"@type":"WebSite","@id":"https:\/\/www.arealgroup.net\/#website","url":"https:\/\/www.arealgroup.net\/","name":"Areal Group","description":"","potentialAction":[{"@type":"SearchAction","target":{"@type":"EntryPoint","urlTemplate":"https:\/\/www.arealgroup.net\/?s={search_term_string}"},"query-input":{"@type":"PropertyValueSpecification","valueRequired":true,"valueName":"search_term_string"}}],"inLanguage":"en-GB"}]}},"_links":{"self":[{"href":"https:\/\/www.arealgroup.net\/en\/wp-json\/wp\/v2\/pages\/27","targetHints":{"allow":["GET"]}}],"collection":[{"href":"https:\/\/www.arealgroup.net\/en\/wp-json\/wp\/v2\/pages"}],"about":[{"href":"https:\/\/www.arealgroup.net\/en\/wp-json\/wp\/v2\/types\/page"}],"author":[{"embeddable":true,"href":"https:\/\/www.arealgroup.net\/en\/wp-json\/wp\/v2\/users\/17"}],"replies":[{"embeddable":true,"href":"https:\/\/www.arealgroup.net\/en\/wp-json\/wp\/v2\/comments?post=27"}],"version-history":[{"count":3,"href":"https:\/\/www.arealgroup.net\/en\/wp-json\/wp\/v2\/pages\/27\/revisions"}],"predecessor-version":[{"id":132,"href":"https:\/\/www.arealgroup.net\/en\/wp-json\/wp\/v2\/pages\/27\/revisions\/132"}],"wp:attachment":[{"href":"https:\/\/www.arealgroup.net\/en\/wp-json\/wp\/v2\/media?parent=27"}],"curies":[{"name":"wp","href":"https:\/\/api.w.org\/{rel}","templated":true}]}}